{"id":6298,"date":"2024-11-24T14:03:48","date_gmt":"2024-11-24T13:03:48","guid":{"rendered":"https:\/\/logward.com\/imprint\/"},"modified":"2026-02-22T17:00:31","modified_gmt":"2026-02-22T16:00:31","slug":"impressum","status":"publish","type":"page","link":"https:\/\/logward.com\/de\/impressum\/","title":{"rendered":"Impressum"},"content":{"rendered":"\t\t<div data-elementor-type=\"wp-page\" data-elementor-id=\"6298\" class=\"elementor elementor-6298 elementor-919\" data-elementor-post-type=\"page\">\n\t\t\t\t<div class=\"elementor-element elementor-element-3a0b5cb e-flex e-con-boxed e-con e-parent\" data-id=\"3a0b5cb\" data-element_type=\"container\" data-e-type=\"container\">\n\t\t\t\t\t<div class=\"e-con-inner\">\n\t\t<div class=\"elementor-element elementor-element-a9589d5 e-con-full e-flex e-con e-child\" data-id=\"a9589d5\" data-element_type=\"container\" data-e-type=\"container\">\n\t\t\t\t<div class=\"elementor-element elementor-element-bb922be elementor-widget elementor-widget-heading\" data-id=\"bb922be\" data-element_type=\"widget\" data-e-type=\"widget\" data-widget_type=\"heading.default\">\n\t\t\t\t<div class=\"elementor-widget-container\">\n\t\t\t\t\t<h1 class=\"elementor-heading-title elementor-size-default\">Impressum<\/h1>\t\t\t\t<\/div>\n\t\t\t\t<\/div>\n\t\t\t\t<div class=\"elementor-element elementor-element-02066a9 elementor-widget elementor-widget-text-editor\" data-id=\"02066a9\" data-element_type=\"widget\" data-e-type=\"widget\" data-widget_type=\"text-editor.default\">\n\t\t\t\t<div class=\"elementor-widget-container\">\n\t\t\t\t\t\t\t\t\t<p><b><span data-contrast=\"auto\">Angaben gem\u00e4\u00df \u00a7 5 DDG (Digitale-Dienste-Gesetz)<\/span><\/b><span data-ccp-props=\"{}\">\u00a0<\/span><\/p><p><span data-contrast=\"auto\">Logward\u00a0GmbH &amp; Co. KG<\/span>\u00a0<br \/><span data-contrast=\"auto\">R\u00f6dingsmarkt\u00a09<\/span>\u00a0<br \/><span data-contrast=\"auto\">20459 Hamburg<\/span>\u00a0<br \/><span data-contrast=\"auto\">Deutschland<\/span><span data-ccp-props=\"{}\">\u00a0<\/span><\/p><p><b><span data-contrast=\"auto\">Vertreten durch:<\/span><\/b>\u00a0<br \/><span data-contrast=\"auto\">Jonas\u00a0Krumland<\/span>\u00a0<br \/><span data-contrast=\"auto\">Michael\u00a0Wallraven<\/span><span data-ccp-props=\"{}\">\u00a0<\/span><\/p><p><b><span data-contrast=\"auto\">Registereintrag:<\/span><\/b>\u00a0<br \/><span data-contrast=\"auto\">Eingetragen\u00a0im Handelsregister<\/span>\u00a0<br \/><span data-contrast=\"auto\">Registergericht: Amtsgericht Hamburg<\/span>\u00a0<br \/><span data-contrast=\"auto\">Registernummer: HRA 122845<\/span><span data-ccp-props=\"{}\">\u00a0<\/span><\/p><p><b><span data-contrast=\"auto\">Gesch\u00e4ftsf\u00fchrung der pers\u00f6nlich haftenden Gesellschafter<\/span><\/b><span data-ccp-props=\"{}\">\u00a0<\/span><\/p><p><span data-contrast=\"auto\">Logward\u00a0Verwaltungs\u00a0GmbH<\/span>\u00a0<br \/><span data-contrast=\"auto\">R\u00f6dingsmarkt\u00a09<\/span>\u00a0<br \/><span data-contrast=\"auto\">20459 Hamburg<\/span>\u00a0<br \/><span data-contrast=\"auto\">Deutschland<\/span><span data-ccp-props=\"{}\">\u00a0<\/span><\/p><p><b><span data-contrast=\"auto\">Gesch\u00e4ftsf\u00fchrer<\/span><\/b><span data-contrast=\"auto\">:<\/span>\u00a0<br \/><span data-contrast=\"auto\">Jonas\u00a0Krumland<\/span>\u00a0<br \/><span data-contrast=\"auto\">Michael\u00a0Wallraven<\/span><span data-ccp-props=\"{}\">\u00a0<\/span><\/p><p><b><span data-contrast=\"auto\">Registereintrag<\/span><\/b><span data-contrast=\"auto\">:<\/span>\u00a0<br \/><span data-contrast=\"auto\">Eingetragen\u00a0im Handelsregister<\/span>\u00a0<br \/><span data-contrast=\"auto\">Registergericht: Amtsgericht Hamburg<\/span>\u00a0<br \/><span data-contrast=\"auto\">Registernummer: HRB 195650<\/span><span data-ccp-props=\"{}\">\u00a0<\/span><\/p><p><b><span data-contrast=\"auto\">Kontakt<\/span><\/b><span data-ccp-props=\"{}\">\u00a0<\/span><\/p><p><span data-contrast=\"auto\">Telefon: +49 40 239 692 540<\/span>\u00a0<br \/><span data-contrast=\"auto\">E-Mail: mail@logward.com<\/span>\u00a0<br \/><span data-contrast=\"auto\">Website:\u00a0<\/span><a href=\"http:\/\/www.logward.com\/\"><span data-contrast=\"none\">www.logward.com<\/span><\/a><span data-ccp-props=\"{}\">\u00a0<\/span><\/p><p><b><span data-contrast=\"auto\">Umsatzsteuer-ID<\/span><\/b><span data-ccp-props=\"{}\">\u00a0<\/span><\/p><p><span data-contrast=\"auto\">Umsatzsteuer-Identifikationsnummer gem\u00e4\u00df \u00a7 27a Umsatzsteuergesetz:<\/span>\u00a0<br \/><span data-contrast=\"auto\">DE 317 638 956<\/span><span data-ccp-props=\"{}\">\u00a0<\/span><\/p><p><b><span data-contrast=\"auto\">Verantwortlich f\u00fcr den Inhalt gem\u00e4\u00df \u00a7 18 Abs. 2 Medienstaatsvertrag (MStV)<\/span><\/b><span data-ccp-props=\"{}\">\u00a0<\/span><\/p><p><span data-contrast=\"auto\">Jonas\u00a0Krumland<\/span>\u00a0<br \/><span data-contrast=\"auto\">R\u00f6dingsmarkt\u00a09<\/span>\u00a0<br \/><span data-contrast=\"auto\">20459 Hamburg<\/span>\u00a0<br \/><span data-contrast=\"auto\">Deutschland<\/span><span data-ccp-props=\"{}\">\u00a0<\/span><\/p><p><b><span data-contrast=\"auto\">Urheberrecht<\/span><\/b><span data-ccp-props=\"{}\">\u00a0<\/span><\/p><p><span data-contrast=\"auto\">Die durch die Seitenbetreiber erstellten Inhalte und Werke auf diesen Seiten unterliegen dem deutschen Urheberrecht. Die Vervielf\u00e4ltigung, Bearbeitung, Verbreitung sowie jede Art der Verwertung au\u00dferhalb der Grenzen des Urheberrechts bed\u00fcrfen der vorherigen schriftlichen Zustimmung des jeweiligen Autors bzw. Erstellers. Downloads und Kopien dieser Seite sind nur f\u00fcr den privaten, nicht kommerziellen Gebrauch gestattet.<\/span><span data-ccp-props=\"{}\">\u00a0<\/span><\/p><p><span data-contrast=\"auto\">Soweit die Inhalte auf dieser Seite nicht vom Betreiber erstellt wurden, werden die Urheberrechte Dritter beachtet. Insbesondere werden Inhalte Dritter als solche gekennzeichnet. Sollten Sie dennoch auf eine Urheberrechtsverletzung aufmerksam werden, bitten wir um einen entsprechenden Hinweis. Bei Bekanntwerden von Rechtsverletzungen werden wir derartige Inhalte umgehend entfernen.<\/span><span data-ccp-props=\"{}\">\u00a0<\/span><\/p>\t\t\t\t\t\t\t\t<\/div>\n\t\t\t\t<\/div>\n\t\t\t\t<div class=\"elementor-element elementor-element-41b91de elementor-widget elementor-widget-html\" data-id=\"41b91de\" data-element_type=\"widget\" data-e-type=\"widget\" data-widget_type=\"html.default\">\n\t\t\t\t<div class=\"elementor-widget-container\">\n\t\t\t\t\t<div style=\"display: flex; flex-direction: column; align-items: flex-start; font-family: inherit; font-size: 14px; line-height: 1.5;\">\n  <span style=\"color: #999999;\">Webdesign by<\/span>\n  <a href=\"https:\/\/webdesign-sf.de\/\" target=\"_blank\" rel=\"nofollow noopener noreferrer\" style=\"display: inline-flex; align-items: center; gap: 4px; color: inherit; text-decoration: none;\">\n    Silvano Falivena\n    <svg width=\"14\" height=\"14\" viewBox=\"0 0 24 24\" fill=\"none\" xmlns=\"http:\/\/www.w3.org\/2000\/svg\">\n      <path d=\"M6 18L18 6M18 6H10M18 6V14\" stroke=\"currentColor\" stroke-width=\"2\" stroke-linecap=\"round\" stroke-linejoin=\"round\"\/>\n    <\/svg>\n  <\/a>\n<\/div>\t\t\t\t<\/div>\n\t\t\t\t<\/div>\n\t\t\t\t<div class=\"elementor-element elementor-element-dd8d399 elementor-widget elementor-widget-button\" data-id=\"dd8d399\" data-element_type=\"widget\" data-e-type=\"widget\" data-widget_type=\"button.default\">\n\t\t\t\t<div class=\"elementor-widget-container\">\n\t\t\t\t\t\t\t\t\t<div class=\"elementor-button-wrapper\">\n\t\t\t\t\t<a class=\"elementor-button elementor-button-link elementor-size-sm\" href=\"https:\/\/logward.com\/de\/\">\n\t\t\t\t\t\t<span class=\"elementor-button-content-wrapper\">\n\t\t\t\t\t\t\t\t\t<span class=\"elementor-button-text\">Zur Startseite<\/span>\n\t\t\t\t\t<\/span>\n\t\t\t\t\t<\/a>\n\t\t\t\t<\/div>\n\t\t\t\t\t\t\t\t<\/div>\n\t\t\t\t<\/div>\n\t\t\t\t<\/div>\n\t\t\t\t\t<\/div>\n\t\t\t\t<\/div>\n\t\t\t\t<\/div>\n\t\t","protected":false},"excerpt":{"rendered":"<p>Impressum Angaben gem\u00e4\u00df \u00a7 5 DDG (Digitale-Dienste-Gesetz)\u00a0 Logward\u00a0GmbH &amp; Co. KG\u00a0R\u00f6dingsmarkt\u00a09\u00a020459 Hamburg\u00a0Deutschland\u00a0 Vertreten durch:\u00a0Jonas\u00a0Krumland\u00a0Michael\u00a0Wallraven\u00a0 Registereintrag:\u00a0Eingetragen\u00a0im Handelsregister\u00a0Registergericht: Amtsgericht Hamburg\u00a0Registernummer: HRA 122845\u00a0 Gesch\u00e4ftsf\u00fchrung der pers\u00f6nlich haftenden Gesellschafter\u00a0 Logward\u00a0Verwaltungs\u00a0GmbH\u00a0R\u00f6dingsmarkt\u00a09\u00a020459 Hamburg\u00a0Deutschland\u00a0 Gesch\u00e4ftsf\u00fchrer:\u00a0Jonas\u00a0Krumland\u00a0Michael\u00a0Wallraven\u00a0 Registereintrag:\u00a0Eingetragen\u00a0im Handelsregister\u00a0Registergericht: Amtsgericht Hamburg\u00a0Registernummer: HRB 195650\u00a0 Kontakt\u00a0 Telefon: +49 40 239 692 540\u00a0E-Mail: mail@logward.com\u00a0Website:\u00a0www.logward.com\u00a0 Umsatzsteuer-ID\u00a0 Umsatzsteuer-Identifikationsnummer gem\u00e4\u00df \u00a7 27a Umsatzsteuergesetz:\u00a0DE 317 638 956\u00a0 Verantwortlich f\u00fcr den Inhalt [&hellip;]<\/p>\n","protected":false},"author":1,"featured_media":0,"parent":0,"menu_order":0,"comment_status":"closed","ping_status":"closed","template":"","meta":{"footnotes":""},"class_list":["post-6298","page","type-page","status-publish","hentry"],"_links":{"self":[{"href":"https:\/\/logward.com\/de\/wp-json\/wp\/v2\/pages\/6298","targetHints":{"allow":["GET"]}}],"collection":[{"href":"https:\/\/logward.com\/de\/wp-json\/wp\/v2\/pages"}],"about":[{"href":"https:\/\/logward.com\/de\/wp-json\/wp\/v2\/types\/page"}],"author":[{"embeddable":true,"href":"https:\/\/logward.com\/de\/wp-json\/wp\/v2\/users\/1"}],"replies":[{"embeddable":true,"href":"https:\/\/logward.com\/de\/wp-json\/wp\/v2\/comments?post=6298"}],"version-history":[{"count":11,"href":"https:\/\/logward.com\/de\/wp-json\/wp\/v2\/pages\/6298\/revisions"}],"predecessor-version":[{"id":6729,"href":"https:\/\/logward.com\/de\/wp-json\/wp\/v2\/pages\/6298\/revisions\/6729"}],"wp:attachment":[{"href":"https:\/\/logward.com\/de\/wp-json\/wp\/v2\/media?parent=6298"}],"curies":[{"name":"wp","href":"https:\/\/api.w.org\/{rel}","templated":true}]}}