{"id":6865,"date":"2026-04-14T10:57:11","date_gmt":"2026-04-14T08:57:11","guid":{"rendered":"https:\/\/logward.com\/?page_id=6865"},"modified":"2026-04-15T20:48:05","modified_gmt":"2026-04-15T18:48:05","slug":"handel-data-integration","status":"publish","type":"page","link":"https:\/\/logward.com\/de\/handel-data-integration\/","title":{"rendered":"Handelslogistik-kongress Landing"},"content":{"rendered":"\t\t<div data-elementor-type=\"wp-page\" data-elementor-id=\"6865\" class=\"elementor elementor-6865\" data-elementor-post-type=\"page\">\n\t\t\t\t<div class=\"elementor-element elementor-element-2ecbf7e5 e-flex e-con-boxed e-con e-parent\" data-id=\"2ecbf7e5\" data-element_type=\"container\" data-e-type=\"container\">\n\t\t\t\t\t<div class=\"e-con-inner\">\n\t\t<div class=\"elementor-element elementor-element-6b34e5c5 e-con-full e-flex e-con e-child\" data-id=\"6b34e5c5\" data-element_type=\"container\" data-e-type=\"container\" data-settings=\"{&quot;background_background&quot;:&quot;classic&quot;}\">\n\t\t\t\t<div class=\"elementor-element elementor-element-1e14fdee elementor-widget elementor-widget-heading\" data-id=\"1e14fdee\" data-element_type=\"widget\" data-e-type=\"widget\" data-widget_type=\"heading.default\">\n\t\t\t\t<div class=\"elementor-widget-container\">\n\t\t\t\t\t<h1 class=\"elementor-heading-title elementor-size-default\">Ihre Lieferkette l\u00e4uft. Ihre Daten halten nicht Schritt.<\/h1>\t\t\t\t<\/div>\n\t\t\t\t<\/div>\n\t\t\t\t<\/div>\n\t\t\t\t\t<\/div>\n\t\t\t\t<\/div>\n\t\t<div class=\"elementor-element elementor-element-95e95fb e-flex e-con-boxed e-con e-parent\" data-id=\"95e95fb\" data-element_type=\"container\" data-e-type=\"container\">\n\t\t\t\t\t<div class=\"e-con-inner\">\n\t\t\t\t<div class=\"elementor-element elementor-element-58d7844 elementor-widget elementor-widget-text-editor\" data-id=\"58d7844\" data-element_type=\"widget\" data-e-type=\"widget\" data-widget_type=\"text-editor.default\">\n\t\t\t\t<div class=\"elementor-widget-container\">\n\t\t\t\t\t\t\t\t\t<p>\u00a0<\/p><p><strong>Retail Supply Chain Teams verlieren t\u00e4glich wertvolle Zeit, weil Daten zwischen ERP, Lieferanten und Spediteuren stecken statt zu flie\u00dfen.<\/strong><\/p>\t\t\t\t\t\t\t\t<\/div>\n\t\t\t\t<\/div>\n\t\t\t\t<div class=\"elementor-element elementor-element-c20a7ea elementor-widget elementor-widget-text-editor\" data-id=\"c20a7ea\" data-element_type=\"widget\" data-e-type=\"widget\" data-widget_type=\"text-editor.default\">\n\t\t\t\t<div class=\"elementor-widget-container\">\n\t\t\t\t\t\t\t\t\t<p><strong>Im Handel entstehen die gr\u00f6\u00dften Verluste dort, wo Prozesse Reibung erzeugen.<\/strong><\/p><p>Saisonale Peaks, kurzfristige Lieferantenausf\u00e4lle, volatile Transportkapazit\u00e4ten, das alles geh\u00f6rt zum Alltag im Handel. Damit umzugehen ist l\u00f6sbar. Was es schwerer macht als n\u00f6tig: Daten, die nicht dort ankommen, wo sie gebraucht werden, im Format, das gebraucht wird, zu dem Zeitpunkt, der z\u00e4hlt. Das kostet jeden Monat.<\/p><p><strong>Problem 1:<\/strong> Daten kommen von \u00fcberall, aber nirgends an. Lieferanten schicken Excel, Spediteure senden EDI, das ERP erwartet etwas ganz anderes. Ihr Team \u00fcbersetzt manuell, was automatisch flie\u00dfen sollte.<\/p><p><strong>Problem 2:<\/strong> Entscheidungen warten auf Daten, die zu sp\u00e4t kommen. Bis die Daten stimmen, hat sich die Situation l\u00e4ngst ver\u00e4ndert. Teams reagieren, statt zu steuern.<\/p><p><strong>Problem 3:<\/strong> Jede neue Integration bedeutet ein neues IT-Projekt. Neuer Partner, neues Format, neues Ticket. Monatelange Wartezeiten f\u00fcr etwas, das in Wochen erledigt sein sollte.<\/p>\t\t\t\t\t\t\t\t<\/div>\n\t\t\t\t<\/div>\n\t\t\t\t<div class=\"elementor-element elementor-element-578402a elementor-widget elementor-widget-image\" data-id=\"578402a\" data-element_type=\"widget\" data-e-type=\"widget\" data-widget_type=\"image.default\">\n\t\t\t\t<div class=\"elementor-widget-container\">\n\t\t\t\t\t\t\t\t\t\t\t\t\t\t\t<img decoding=\"async\" src=\"https:\/\/logward.com\/wp-content\/uploads\/elementor\/thumbs\/20260413_1746_Image-Generation_simple_compose_01kp3rbsave56snwycc2w6bvnx-rlycau21bm2nfcric5f4r6jmwo5y0d2m1u3twfi0fs.png\" title=\"20260413_1746_Image Generation_simple_compose_01kp3rbsave56snwycc2w6bvnx\" alt=\"20260413_1746_Image Generation_simple_compose_01kp3rbsave56snwycc2w6bvnx\" loading=\"lazy\" \/>\t\t\t\t\t\t\t\t\t\t\t\t\t\t\t<\/div>\n\t\t\t\t<\/div>\n\t\t\t\t\t<\/div>\n\t\t\t\t<\/div>\n\t\t<div class=\"elementor-element elementor-element-380a1066 e-flex e-con-boxed e-con e-parent\" data-id=\"380a1066\" data-element_type=\"container\" data-e-type=\"container\">\n\t\t\t\t\t<div class=\"e-con-inner\">\n\t\t\t\t<div class=\"elementor-element elementor-element-66679d09 elementor-widget elementor-widget-heading\" data-id=\"66679d09\" data-element_type=\"widget\" data-e-type=\"widget\" data-widget_type=\"heading.default\">\n\t\t\t\t<div class=\"elementor-widget-container\">\n\t\t\t\t\t<h2 class=\"elementor-heading-title elementor-size-default\">Der Logward Data Integration Hub<\/h2>\t\t\t\t<\/div>\n\t\t\t\t<\/div>\n\t\t\t\t<div class=\"elementor-element elementor-element-32ce6207 elementor-widget elementor-widget-text-editor\" data-id=\"32ce6207\" data-element_type=\"widget\" data-e-type=\"widget\" data-widget_type=\"text-editor.default\">\n\t\t\t\t<div class=\"elementor-widget-container\">\n\t\t\t\t\t\t\t\t\t<div class=\"flex flex-col text-sm pb-25\"><section class=\"text-token-text-primary w-full focus:outline-none [--shadow-height:45px] has-data-writing-block:pointer-events-none has-data-writing-block:-mt-(--shadow-height) has-data-writing-block:pt-(--shadow-height) [&amp;:has([data-writing-block])&gt;*]:pointer-events-auto [content-visibility:auto] supports-[content-visibility:auto]:[contain-intrinsic-size:auto_100lvh] scroll-mt-[calc(var(--header-height)+min(200px,max(70px,20svh)))]\" dir=\"auto\" data-turn-id=\"request-WEB:01e8215d-25c2-43d7-bccb-1887f676fb83-33\" data-testid=\"conversation-turn-2\" data-scroll-anchor=\"true\" data-turn=\"assistant\"><div class=\"text-base my-auto mx-auto pb-10 [--thread-content-margin:var(--thread-content-margin-xs,calc(var(--spacing)*4))] @w-sm\/main:[--thread-content-margin:var(--thread-content-margin-sm,calc(var(--spacing)*6))] @w-lg\/main:[--thread-content-margin:var(--thread-content-margin-lg,calc(var(--spacing)*16))] px-(--thread-content-margin)\"><div class=\"[--thread-content-max-width:40rem] @w-lg\/main:[--thread-content-max-width:48rem] mx-auto max-w-(--thread-content-max-width) flex-1 group\/turn-messages focus-visible:outline-hidden relative flex w-full min-w-0 flex-col agent-turn\"><div class=\"flex max-w-full flex-col gap-4 grow\"><div class=\"min-h-8 text-message relative flex w-full flex-col items-end gap-2 text-start break-words whitespace-normal outline-none keyboard-focused:focus-ring [.text-message+&amp;]:mt-1\" dir=\"auto\" tabindex=\"0\" data-message-author-role=\"assistant\" data-message-id=\"47009561-3361-461e-8c5f-29077dae22ce\" data-message-model-slug=\"gpt-5-3\" data-turn-start-message=\"true\"><div class=\"flex w-full flex-col gap-1 empty:hidden\"><div class=\"markdown prose dark:prose-invert w-full wrap-break-word dark markdown-new-styling\"><p data-start=\"0\" data-end=\"168\" data-is-last-node=\"\" data-is-only-node=\"\"><strong>Verbinden Sie jede Datenquelle. Transformieren Sie sie nach Ihren Anforderungen. Bewegen Sie sie dorthin, wo Sie sie brauchen. Entwickelt speziell f\u00fcr die Supply Chain.<\/strong><\/p><p data-start=\"0\" data-end=\"168\" data-is-last-node=\"\" data-is-only-node=\"\">Der Data Integration Hub verbindet Ihren Systemen und Ihren Partnern. Er \u00fcbersetzt, routet und automatisiert Datenfl\u00fcsse. Visuell konfigurierbar, vollst\u00e4ndig ohne Code.<\/p><\/div><\/div><\/div><\/div><\/div><\/div><\/section><\/div>\t\t\t\t\t\t\t\t<\/div>\n\t\t\t\t<\/div>\n\t\t\t\t\t<\/div>\n\t\t\t\t<\/div>\n\t\t<div class=\"elementor-element elementor-element-342698a e-flex e-con-boxed e-con e-parent\" data-id=\"342698a\" data-element_type=\"container\" data-e-type=\"container\">\n\t\t\t\t\t<div class=\"e-con-inner\">\n\t\t\t\t<div class=\"elementor-element elementor-element-022c0dd elementor-widget elementor-widget-image\" data-id=\"022c0dd\" data-element_type=\"widget\" data-e-type=\"widget\" data-widget_type=\"image.default\">\n\t\t\t\t<div class=\"elementor-widget-container\">\n\t\t\t\t\t\t\t\t\t\t\t\t\t\t\t<img fetchpriority=\"high\" decoding=\"async\" width=\"768\" height=\"402\" src=\"https:\/\/logward.com\/wp-content\/uploads\/2026\/04\/Google-Ads-Visibility-1200-x-628-px-18-768x402.png\" class=\"attachment-medium_large size-medium_large wp-image-6882\" alt=\"\" srcset=\"https:\/\/logward.com\/wp-content\/uploads\/2026\/04\/Google-Ads-Visibility-1200-x-628-px-18-768x402.png 768w, https:\/\/logward.com\/wp-content\/uploads\/2026\/04\/Google-Ads-Visibility-1200-x-628-px-18-300x157.png 300w, https:\/\/logward.com\/wp-content\/uploads\/2026\/04\/Google-Ads-Visibility-1200-x-628-px-18-1024x536.png 1024w, https:\/\/logward.com\/wp-content\/uploads\/2026\/04\/Google-Ads-Visibility-1200-x-628-px-18.png 1200w\" sizes=\"(max-width: 768px) 100vw, 768px\" \/>\t\t\t\t\t\t\t\t\t\t\t\t\t\t\t<\/div>\n\t\t\t\t<\/div>\n\t\t\t\t\t<\/div>\n\t\t\t\t<\/div>\n\t\t<div class=\"elementor-element elementor-element-1e695b46 e-flex e-con-boxed e-con e-parent\" data-id=\"1e695b46\" data-element_type=\"container\" data-e-type=\"container\">\n\t\t\t\t\t<div class=\"e-con-inner\">\n\t\t<div class=\"elementor-element elementor-element-59600e17 e-con-full e-flex e-con e-child\" data-id=\"59600e17\" data-element_type=\"container\" data-e-type=\"container\">\n\t\t\t\t<div class=\"elementor-element elementor-element-5eee1dd2 elementor-widget elementor-widget-heading\" data-id=\"5eee1dd2\" data-element_type=\"widget\" data-e-type=\"widget\" data-widget_type=\"heading.default\">\n\t\t\t\t<div class=\"elementor-widget-container\">\n\t\t\t\t\t<h2 class=\"elementor-heading-title elementor-size-default\">Ihre Vorteile mit dem Data Integration Hub<\/h2>\t\t\t\t<\/div>\n\t\t\t\t<\/div>\n\t\t\t\t<div class=\"elementor-element elementor-element-9300328 elementor-widget elementor-widget-text-editor\" data-id=\"9300328\" data-element_type=\"widget\" data-e-type=\"widget\" data-widget_type=\"text-editor.default\">\n\t\t\t\t<div class=\"elementor-widget-container\">\n\t\t\t\t\t\t\t\t\t<p aria-level=\"3\"><strong>Live in Tagen, nicht in Monaten<\/strong><\/p>\t\t\t\t\t\t\t\t<\/div>\n\t\t\t\t<\/div>\n\t\t\t\t<div class=\"elementor-element elementor-element-4b491b67 elementor-icon-list--layout-traditional elementor-list-item-link-full_width elementor-widget elementor-widget-icon-list\" data-id=\"4b491b67\" data-element_type=\"widget\" data-e-type=\"widget\" data-widget_type=\"icon-list.default\">\n\t\t\t\t<div class=\"elementor-widget-container\">\n\t\t\t\t\t\t\t<ul class=\"elementor-icon-list-items\">\n\t\t\t\t\t\t\t<li class=\"elementor-icon-list-item\">\n\t\t\t\t\t\t\t\t\t\t\t<span class=\"elementor-icon-list-icon\">\n\t\t\t\t\t\t\t<svg aria-hidden=\"true\" class=\"e-font-icon-svg e-fas-check-circle\" viewBox=\"0 0 512 512\" xmlns=\"http:\/\/www.w3.org\/2000\/svg\"><path d=\"M504 256c0 136.967-111.033 248-248 248S8 392.967 8 256 119.033 8 256 8s248 111.033 248 248zM227.314 387.314l184-184c6.248-6.248 6.248-16.379 0-22.627l-22.627-22.627c-6.248-6.249-16.379-6.249-22.628 0L216 308.118l-70.059-70.059c-6.248-6.248-16.379-6.248-22.628 0l-22.627 22.627c-6.248 6.248-6.248 16.379 0 22.627l104 104c6.249 6.249 16.379 6.249 22.628.001z\"><\/path><\/svg>\t\t\t\t\t\t<\/span>\n\t\t\t\t\t\t\t\t\t\t<span class=\"elementor-icon-list-text\">Wer die Prozesse kennt, kann die Datapipelines auch direkt konfigurieren. Ohne IT-Tickets und ohne Wartezeiten.<\/span>\n\t\t\t\t\t\t\t\t\t<\/li>\n\t\t\t\t\t\t<\/ul>\n\t\t\t\t\t\t<\/div>\n\t\t\t\t<\/div>\n\t\t\t\t<div class=\"elementor-element elementor-element-484a29c0 elementor-widget elementor-widget-text-editor\" data-id=\"484a29c0\" data-element_type=\"widget\" data-e-type=\"widget\" data-widget_type=\"text-editor.default\">\n\t\t\t\t<div class=\"elementor-widget-container\">\n\t\t\t\t\t\t\t\t\t<p aria-level=\"3\"><strong>Gebaut f\u00fcr Supply Chains, nicht adaptiert<\/strong><\/p>\t\t\t\t\t\t\t\t<\/div>\n\t\t\t\t<\/div>\n\t\t\t\t<div class=\"elementor-element elementor-element-120236f1 elementor-icon-list--layout-traditional elementor-list-item-link-full_width elementor-widget elementor-widget-icon-list\" data-id=\"120236f1\" data-element_type=\"widget\" data-e-type=\"widget\" data-widget_type=\"icon-list.default\">\n\t\t\t\t<div class=\"elementor-widget-container\">\n\t\t\t\t\t\t\t<ul class=\"elementor-icon-list-items\">\n\t\t\t\t\t\t\t<li class=\"elementor-icon-list-item\">\n\t\t\t\t\t\t\t\t\t\t\t<span class=\"elementor-icon-list-icon\">\n\t\t\t\t\t\t\t<svg aria-hidden=\"true\" class=\"e-font-icon-svg e-fas-check-circle\" viewBox=\"0 0 512 512\" xmlns=\"http:\/\/www.w3.org\/2000\/svg\"><path d=\"M504 256c0 136.967-111.033 248-248 248S8 392.967 8 256 119.033 8 256 8s248 111.033 248 248zM227.314 387.314l184-184c6.248-6.248 6.248-16.379 0-22.627l-22.627-22.627c-6.248-6.249-16.379-6.249-22.628 0L216 308.118l-70.059-70.059c-6.248-6.248-16.379-6.248-22.628 0l-22.627 22.627c-6.248 6.248-6.248 16.379 0 22.627l104 104c6.249 6.249 16.379 6.249 22.628.001z\"><\/path><\/svg>\t\t\t\t\t\t<\/span>\n\t\t\t\t\t\t\t\t\t\t<span class=\"elementor-icon-list-text\">Der Data Integration Hub ist von Grund auf f\u00fcr die Anforderungen von Supply Chain Teams entwickelt.<\/span>\n\t\t\t\t\t\t\t\t\t<\/li>\n\t\t\t\t\t\t<\/ul>\n\t\t\t\t\t\t<\/div>\n\t\t\t\t<\/div>\n\t\t\t\t<div class=\"elementor-element elementor-element-7dbc972e elementor-widget elementor-widget-text-editor\" data-id=\"7dbc972e\" data-element_type=\"widget\" data-e-type=\"widget\" data-widget_type=\"text-editor.default\">\n\t\t\t\t<div class=\"elementor-widget-container\">\n\t\t\t\t\t\t\t\t\t<p aria-level=\"3\"><strong>Jedes System, jeder Partner, jede Datenquelle \u2014 verbunden<\/strong><\/p>\t\t\t\t\t\t\t\t<\/div>\n\t\t\t\t<\/div>\n\t\t\t\t<div class=\"elementor-element elementor-element-883ba85 elementor-icon-list--layout-traditional elementor-list-item-link-full_width elementor-widget elementor-widget-icon-list\" data-id=\"883ba85\" data-element_type=\"widget\" data-e-type=\"widget\" data-widget_type=\"icon-list.default\">\n\t\t\t\t<div class=\"elementor-widget-container\">\n\t\t\t\t\t\t\t<ul class=\"elementor-icon-list-items\">\n\t\t\t\t\t\t\t<li class=\"elementor-icon-list-item\">\n\t\t\t\t\t\t\t\t\t\t\t<span class=\"elementor-icon-list-icon\">\n\t\t\t\t\t\t\t<svg aria-hidden=\"true\" class=\"e-font-icon-svg e-fas-check-circle\" viewBox=\"0 0 512 512\" xmlns=\"http:\/\/www.w3.org\/2000\/svg\"><path d=\"M504 256c0 136.967-111.033 248-248 248S8 392.967 8 256 119.033 8 256 8s248 111.033 248 248zM227.314 387.314l184-184c6.248-6.248 6.248-16.379 0-22.627l-22.627-22.627c-6.248-6.249-16.379-6.249-22.628 0L216 308.118l-70.059-70.059c-6.248-6.248-16.379-6.248-22.628 0l-22.627 22.627c-6.248 6.248-6.248 16.379 0 22.627l104 104c6.249 6.249 16.379 6.249 22.628.001z\"><\/path><\/svg>\t\t\t\t\t\t<\/span>\n\t\t\t\t\t\t\t\t\t\t<span class=\"elementor-icon-list-text\">Der Data Integration Hub verbindet Ihr gesamtes Netzwerk, unabh\u00e4ngig davon, welche Formate oder Protokolle im Einsatz sind.<\/span>\n\t\t\t\t\t\t\t\t\t<\/li>\n\t\t\t\t\t\t<\/ul>\n\t\t\t\t\t\t<\/div>\n\t\t\t\t<\/div>\n\t\t\t\t<div class=\"elementor-element elementor-element-65b20ae3 elementor-widget elementor-widget-text-editor\" data-id=\"65b20ae3\" data-element_type=\"widget\" data-e-type=\"widget\" data-widget_type=\"text-editor.default\">\n\t\t\t\t<div class=\"elementor-widget-container\">\n\t\t\t\t\t\t\t\t\t<p aria-level=\"3\"><strong>Die Grundlage f\u00fcr KI aufbauen<\/strong><\/p>\t\t\t\t\t\t\t\t<\/div>\n\t\t\t\t<\/div>\n\t\t\t\t<div class=\"elementor-element elementor-element-3b869b5 elementor-icon-list--layout-traditional elementor-list-item-link-full_width elementor-widget elementor-widget-icon-list\" data-id=\"3b869b5\" data-element_type=\"widget\" data-e-type=\"widget\" data-widget_type=\"icon-list.default\">\n\t\t\t\t<div class=\"elementor-widget-container\">\n\t\t\t\t\t\t\t<ul class=\"elementor-icon-list-items\">\n\t\t\t\t\t\t\t<li class=\"elementor-icon-list-item\">\n\t\t\t\t\t\t\t\t\t\t\t<span class=\"elementor-icon-list-icon\">\n\t\t\t\t\t\t\t<svg aria-hidden=\"true\" class=\"e-font-icon-svg e-fas-check-circle\" viewBox=\"0 0 512 512\" xmlns=\"http:\/\/www.w3.org\/2000\/svg\"><path d=\"M504 256c0 136.967-111.033 248-248 248S8 392.967 8 256 119.033 8 256 8s248 111.033 248 248zM227.314 387.314l184-184c6.248-6.248 6.248-16.379 0-22.627l-22.627-22.627c-6.248-6.249-16.379-6.249-22.628 0L216 308.118l-70.059-70.059c-6.248-6.248-16.379-6.248-22.628 0l-22.627 22.627c-6.248 6.248-6.248 16.379 0 22.627l104 104c6.249 6.249 16.379 6.249 22.628.001z\"><\/path><\/svg>\t\t\t\t\t\t<\/span>\n\t\t\t\t\t\t\t\t\t\t<span class=\"elementor-icon-list-text\">Vernetzte, saubere Datenfl\u00fcsse sind die Voraussetzung daf\u00fcr, dass KI-gest\u00fctzte Prozesse funktionieren. KI kann auch direkt in Ihren Pipelines arbeiten: E-Mails klassifizieren, Dokumente auslesen und Daten automatisch strukturieren.<\/span>\n\t\t\t\t\t\t\t\t\t<\/li>\n\t\t\t\t\t\t<\/ul>\n\t\t\t\t\t\t<\/div>\n\t\t\t\t<\/div>\n\t\t\t\t<\/div>\n\t\t\t\t\t<\/div>\n\t\t\t\t<\/div>\n\t\t<div class=\"elementor-element elementor-element-3bf791f e-flex e-con-boxed e-con e-parent\" data-id=\"3bf791f\" data-element_type=\"container\" data-e-type=\"container\">\n\t\t\t\t\t<div class=\"e-con-inner\">\n\t\t\t\t<div class=\"elementor-element elementor-element-22f857fc elementor-widget elementor-widget-heading\" data-id=\"22f857fc\" data-element_type=\"widget\" data-e-type=\"widget\" data-widget_type=\"heading.default\">\n\t\t\t\t<div class=\"elementor-widget-container\">\n\t\t\t\t\t<h2 class=\"elementor-heading-title elementor-size-default\">Datenintegration als Grundlage jeder Execution.<\/h2>\t\t\t\t<\/div>\n\t\t\t\t<\/div>\n\t\t\t\t<div class=\"elementor-element elementor-element-527f8f0 elementor-widget elementor-widget-text-editor\" data-id=\"527f8f0\" data-element_type=\"widget\" data-e-type=\"widget\" data-widget_type=\"text-editor.default\">\n\t\t\t\t<div class=\"elementor-widget-container\">\n\t\t\t\t\t\t\t\t\t<p data-start=\"1558\" data-end=\"1780\">Stabile Datenintegration ist die Grundlage jeder funktionierenden Execution. Mit zuverl\u00e4ssig gesteuerten Partnerdaten gewinnt die Supply Chain an Transparenz und Kontrolle, und der Fokus kann dort bleiben, wo er hingeh\u00f6rt: bei Entscheidungen und operativer Umsetzung.<\/p>\t\t\t\t\t\t\t\t<\/div>\n\t\t\t\t<\/div>\n\t\t\t\t<div class=\"elementor-element elementor-element-3dbd871 elementor-widget elementor-widget-heading\" data-id=\"3dbd871\" data-element_type=\"widget\" data-e-type=\"widget\" data-widget_type=\"heading.default\">\n\t\t\t\t<div class=\"elementor-widget-container\">\n\t\t\t\t\t<h2 class=\"elementor-heading-title elementor-size-default\">Aus der Praxis: Wie Henry Lamotte seine Supply Chain Execution Prozesse mit Logward neu aufgebaut hat.<\/h2>\t\t\t\t<\/div>\n\t\t\t\t<\/div>\n\t\t\t\t<div class=\"elementor-element elementor-element-65f602b elementor-widget elementor-widget-text-editor\" data-id=\"65f602b\" data-element_type=\"widget\" data-e-type=\"widget\" data-widget_type=\"text-editor.default\">\n\t\t\t\t<div class=\"elementor-widget-container\">\n\t\t\t\t\t\t\t\t\t<p data-start=\"1108\" data-end=\"1300\">Hohe Produktqualit\u00e4t reicht heute nicht mehr aus, um Kundenerwartungen zu erf\u00fcllen. Transparenz, Lieferzuverl\u00e4ssigkeit und Steuerbarkeit entlang der Supply Chain werden zum Wettbewerbsvorteil.<\/p><p data-start=\"1302\" data-end=\"1543\">Henry Lamotte, eines der f\u00fchrenden Handelsunternehmen f\u00fcr Zutaten und Rohstoffe, zeigt im Webinar den Weg zur End-to-End Supply Chain Steuerung: Ausgangslage, Entscheidungsprozess und die Ver\u00e4nderung der t\u00e4glichen operativen Umsetzung.<\/p>\t\t\t\t\t\t\t\t<\/div>\n\t\t\t\t<\/div>\n\t\t\t\t<div class=\"elementor-element elementor-element-2e25899d elementor-widget elementor-widget-video\" data-id=\"2e25899d\" data-element_type=\"widget\" data-e-type=\"widget\" data-settings=\"{&quot;youtube_url&quot;:&quot;https:\\\/\\\/youtu.be\\\/V_VuDBzEdVQ&quot;,&quot;video_type&quot;:&quot;youtube&quot;,&quot;controls&quot;:&quot;yes&quot;}\" data-widget_type=\"video.default\">\n\t\t\t\t<div class=\"elementor-widget-container\">\n\t\t\t\t\t\t\t<div class=\"elementor-wrapper elementor-open-inline\">\n\t\t\t<div class=\"elementor-video\"> <div class=\"brlbs-cmpnt-container brlbs-cmpnt-content-blocker brlbs-cmpnt-with-individual-styles\" data-borlabs-cookie-content-blocker-id=\"youtube-content-blocker\" data-borlabs-cookie-content=\"PHNjcmlwdD4KKGZ1bmN0aW9uKCkgewogICAgbGV0IGQgPSBudWxsOwoKICAgIC8vIGlmIHdlIGFyZSBpbiBhIGxvb3AsIHdlIG5lZWQgdG8gc2VsZWN0IHRoZSBjb3JyZWN0IHZpZGVvIGVsZW1lbnQsIHNpbmNlIFdpZGdldCBJRCBvY2N1cnMgbXVsdGlwbGUgdGltZXMgb24gcGFnZQogICAgY29uc3QgZWxlbXNJbkxvb3AgPSBkb2N1bWVudC5xdWVyeVNlbGVjdG9yQWxsKCc6aXMoZGl2W2RhdGEtZWxlbWVudG9yLXR5cGU9Imxvb3AtaXRlbSJdLGRpdltkYXRhLWVsZW1lbnRvci10eXBlPSJqZXQtbGlzdGluZy1pdGVtcyJdLGRpdltkYXRhLXdpZGdldF90eXBlXj0icHJlbWl1bS1hZGRvbi10YWJzLiJdKSBkaXYuZWxlbWVudG9yLWVsZW1lbnQtMmUyNTg5OWQnKTsKICAgIGlmIChlbGVtc0luTG9vcC5sZW5ndGggPT09IDEpIHsKICAgICAgICBkID0gZWxlbXNJbkxvb3BbMF07CiAgICB9IGVsc2UgaWYgKGVsZW1zSW5Mb29wLmxlbmd0aCA+IDEpIHsKICAgICAgICBpZiAodHlwZW9mIGRvY3VtZW50LmN1cnJlbnRTY3JpcHQgPT09ICd1bmRlZmluZWQnIHx8IGRvY3VtZW50LmN1cnJlbnRTY3JpcHQgPT0gbnVsbCkgewogICAgICAgICAgICByZXR1cm47CiAgICAgICAgfQogICAgICAgIGNvbnN0IHRtcFZpZGVvV2lkZ2V0ID0gZG9jdW1lbnQuY3VycmVudFNjcmlwdC5jbG9zZXN0KCdbZGF0YS13aWRnZXRfdHlwZT0iYnJsYnNfdmlkZW8uZGVmYXVsdCJdJyk7CiAgICAgICAgaWYgKHRtcFZpZGVvV2lkZ2V0KSB7CiAgICAgICAgICAgIGQgPSB0bXBWaWRlb1dpZGdldDsKICAgICAgICB9CiAgICB9CgogICAgaWYgKGQgPT0gbnVsbCkgewogICAgICAgIGQgPSBkb2N1bWVudC5xdWVyeVNlbGVjdG9yKCdkaXYuZWxlbWVudG9yLWVsZW1lbnQtMmUyNTg5OWQnKTsKICAgIH0KCiAgICBpZiAoZCA9PSBudWxsKSB7CiAgICAgICAgcmV0dXJuOwogICAgfQogICAgZC5kYXRhc2V0LndpZGdldF90eXBlID0gZC5kYXRhc2V0LndpZGdldF90eXBlLnJlcGxhY2UoJ2JybGJzXycsICcnKTsKICAgIGQuZGF0YXNldC5icmxic1VuYmxvY2tlZCA9ICd0cnVlJzsKCiAgICBjb25zdCBpbnRlcnZhbCA9IHNldEludGVydmFsKCgpID0+IHsKICAgICAgICBpZiAodHlwZW9mIGVsZW1lbnRvckZyb250ZW5kICE9PSAndW5kZWZpbmVkJyAmJiB0eXBlb2YgZWxlbWVudG9yRnJvbnRlbmQuaG9va3MgIT09ICd1bmRlZmluZWQnKSB7CiAgICAgICAgICAgIGNsZWFySW50ZXJ2YWwoaW50ZXJ2YWwpOwogICAgICAgICAgICBlbGVtZW50b3JGcm9udGVuZC5ob29rcy5kb0FjdGlvbignZnJvbnRlbmQvZWxlbWVudF9yZWFkeS92aWRlby5kZWZhdWx0JywgalF1ZXJ5KGQpLCBqUXVlcnkpCiAgICAgICAgfQogICAgfSwgMzApCn0pKCk7Cjwvc2NyaXB0Pg==\"><div class=\"brlbs-cmpnt-cb-preset-c brlbs-cmpnt-cb-youtube\"> <div class=\"brlbs-cmpnt-cb-thumbnail\" style=\"background-image: url('https:\/\/logward.com\/wp-content\/uploads\/borlabs-cookie\/1\/yt_V_VuDBzEdVQ_hqdefault.jpg')\"><\/div> <div class=\"brlbs-cmpnt-cb-main\"> <div class=\"brlbs-cmpnt-cb-play-button\"><\/div> <div class=\"brlbs-cmpnt-cb-content\"> <p class=\"brlbs-cmpnt-cb-description\">Sie sehen gerade einen Platzhalterinhalt von <strong>YouTube<\/strong>. Um auf den eigentlichen Inhalt zuzugreifen, klicken Sie auf die Schaltfl\u00e4che unten. Bitte beachten Sie, dass dabei Daten an Drittanbieter weitergegeben werden.<\/p> <a class=\"brlbs-cmpnt-cb-provider-toggle\" href=\"#\" data-borlabs-cookie-show-provider-information role=\"button\">Mehr Informationen<\/a> <\/div> <div class=\"brlbs-cmpnt-cb-buttons\"> <a class=\"brlbs-cmpnt-cb-btn\" href=\"#\" data-borlabs-cookie-unblock role=\"button\">Inhalt entsperren<\/a> <a class=\"brlbs-cmpnt-cb-btn\" href=\"#\" data-borlabs-cookie-accept-service role=\"button\" style=\"display: inherit\">Erforderlichen Service akzeptieren und Inhalte entsperren<\/a> <\/div> <\/div> <\/div><\/div><\/div>\t\t<\/div>\n\t\t\t\t\t\t<\/div>\n\t\t\t\t<\/div>\n\t\t<div class=\"elementor-element elementor-element-39d436b e-con-full e-flex e-con e-child\" data-id=\"39d436b\" data-element_type=\"container\" data-e-type=\"container\" id=\"register\">\n\t\t\t\t<div class=\"elementor-element elementor-element-d1c6e59 elementor-widget elementor-widget-heading\" data-id=\"d1c6e59\" data-element_type=\"widget\" data-e-type=\"widget\" data-widget_type=\"heading.default\">\n\t\t\t\t<div class=\"elementor-widget-container\">\n\t\t\t\t\t<h2 class=\"elementor-heading-title elementor-size-default\">Jetzt kostenlosen Zugang sichern!<\/h2>\t\t\t\t<\/div>\n\t\t\t\t<\/div>\n\t\t\t\t<div class=\"elementor-element elementor-element-48dfcaf1 elementor-widget elementor-widget-shortcode\" data-id=\"48dfcaf1\" data-element_type=\"widget\" data-e-type=\"widget\" data-widget_type=\"shortcode.default\">\n\t\t\t\t<div class=\"elementor-widget-container\">\n\t\t\t\t\t\t\t<div class=\"elementor-shortcode\"><div class='_form_70'><\/div><script type='text\/javascript' src='https:\/\/logward.activehosted.com\/f\/embed.php?static=0&id=70&6A00AC2D0088F&nostyles=1&preview=0'><\/script><\/div>\n\t\t\t\t\t\t<\/div>\n\t\t\t\t<\/div>\n\t\t\t\t<\/div>\n\t\t\t\t\t<\/div>\n\t\t\t\t<\/div>\n\t\t\t\t<\/div>\n\t\t","protected":false},"excerpt":{"rendered":"<p>Ihre Lieferkette l\u00e4uft. Ihre Daten halten nicht Schritt. \u00a0 Retail Supply Chain Teams verlieren t\u00e4glich wertvolle Zeit, weil Daten zwischen ERP, Lieferanten und Spediteuren stecken statt zu flie\u00dfen. Im Handel entstehen die gr\u00f6\u00dften Verluste dort, wo Prozesse Reibung erzeugen. Saisonale Peaks, kurzfristige Lieferantenausf\u00e4lle, volatile Transportkapazit\u00e4ten, das alles geh\u00f6rt zum Alltag im Handel. Damit umzugehen ist [&hellip;]<\/p>\n","protected":false},"author":7,"featured_media":0,"parent":0,"menu_order":0,"comment_status":"closed","ping_status":"closed","template":"","meta":{"footnotes":""},"class_list":["post-6865","page","type-page","status-publish","hentry"],"_links":{"self":[{"href":"https:\/\/logward.com\/de\/wp-json\/wp\/v2\/pages\/6865","targetHints":{"allow":["GET"]}}],"collection":[{"href":"https:\/\/logward.com\/de\/wp-json\/wp\/v2\/pages"}],"about":[{"href":"https:\/\/logward.com\/de\/wp-json\/wp\/v2\/types\/page"}],"author":[{"embeddable":true,"href":"https:\/\/logward.com\/de\/wp-json\/wp\/v2\/users\/7"}],"replies":[{"embeddable":true,"href":"https:\/\/logward.com\/de\/wp-json\/wp\/v2\/comments?post=6865"}],"version-history":[{"count":35,"href":"https:\/\/logward.com\/de\/wp-json\/wp\/v2\/pages\/6865\/revisions"}],"predecessor-version":[{"id":6934,"href":"https:\/\/logward.com\/de\/wp-json\/wp\/v2\/pages\/6865\/revisions\/6934"}],"wp:attachment":[{"href":"https:\/\/logward.com\/de\/wp-json\/wp\/v2\/media?parent=6865"}],"curies":[{"name":"wp","href":"https:\/\/api.w.org\/{rel}","templated":true}]}}